{"id":8,"date":"2014-11-18T15:16:32","date_gmt":"2014-11-18T15:16:32","guid":{"rendered":"http:\/\/cabas-bio.fr\/?page_id=8"},"modified":"2026-01-12T18:48:03","modified_gmt":"2026-01-12T17:48:03","slug":"panier","status":"publish","type":"page","link":"https:\/\/cabas-bio.fr\/?page_id=8","title":{"rendered":"LES RDV HEBDO"},"content":{"rendered":"\n<p>Tous les <strong>mercredis de 11 h \u00e0 13h<\/strong>, sur le <em>parking de \u00abCarrefour Market\u00bb<\/em> face \u00e0 la gare du Creusot, les adh\u00e9rents du Cabas Bio viennent chercher leur <a href=\"http:\/\/cabas-bio.fr\/?page_id=10\">panier hebdomadaire<\/a> et peuvent \u00e9galement acheter <a href=\"http:\/\/cabas-bio.fr\/?page_id=12\">d&rsquo;autres produits<\/a>.<\/p>\n\n\n\n<p>Une <strong>adh\u00e9sion annuelle de 10 \u20ac \u00e0 l&rsquo;association Cabas Bio<\/strong> est obligatoire pour s&rsquo;abonner au panier hebdomadaire ou effectuer tout autre achat aupr\u00e8s de nos producteurs (l\u00e9gumes, pain, fromage, miel, viande&#8230; ). <em>Ch\u00e8que \u00e0 l&rsquo;ordre de Cabas Bio.<\/em><\/p>\n\n\n\n<p>Nous vous invitons \u00e0 nous communiquer <strong>vos coordonn\u00e9es internet <\/strong>en remplissant votre bon d&rsquo;adh\u00e9sion si vous d\u00e9sirez \u00eatre avertis des livraisons d\u2019autres produits, et \u00e0 donner votre <strong>num\u00e9ro de t\u00e9l\u00e9phone <\/strong>\u00e0 Go\u00fbts et Saveurs pour le cas d&rsquo;oublis toujours possibles.<\/p>\n\n\n\n<p class=\"has-text-color has-link-color wp-elements-d9e685a547e65f1b1470874049bf1b87\" style=\"color:#109061\"><span style=\"color: #339966;\"><strong><a href=\"http:\/\/cabas-bio.fr\/wp-content\/uploads\/2026\/01\/Adhesion-2026.pdf\" target=\"_blank\" rel=\"noreferrer noopener\">Vous pouvez t\u00e9l\u00e9charger ici votre bulletin d\u2019adh\u00e9sion 2026<\/a><\/strong><\/span><\/p>\n\n\n\n<p><\/p>\n","protected":false},"excerpt":{"rendered":"<p>Tous les mercredis de 11 h \u00e0 13h, sur le parking de \u00abCarrefour Market\u00bb face \u00e0 la gare du Creusot, les adh\u00e9rents du Cabas Bio viennent chercher leur panier hebdomadaire et peuvent \u00e9galement acheter d&rsquo;autres produits. Une adh\u00e9sion annuelle de&hellip;<\/p>\n<p class=\"more-link-p\"><a class=\"more-link\" href=\"https:\/\/cabas-bio.fr\/?page_id=8\">Read more &rarr;<\/a><\/p>\n","protected":false},"author":1,"featured_media":0,"parent":0,"menu_order":2,"comment_status":"open","ping_status":"open","template":"","meta":{"footnotes":""},"_links":{"self":[{"href":"https:\/\/cabas-bio.fr\/index.php?rest_route=\/wp\/v2\/pages\/8"}],"collection":[{"href":"https:\/\/cabas-bio.fr\/index.php?rest_route=\/wp\/v2\/pages"}],"about":[{"href":"https:\/\/cabas-bio.fr\/index.php?rest_route=\/wp\/v2\/types\/page"}],"author":[{"embeddable":true,"href":"https:\/\/cabas-bio.fr\/index.php?rest_route=\/wp\/v2\/users\/1"}],"replies":[{"embeddable":true,"href":"https:\/\/cabas-bio.fr\/index.php?rest_route=%2Fwp%2Fv2%2Fcomments&post=8"}],"version-history":[{"count":29,"href":"https:\/\/cabas-bio.fr\/index.php?rest_route=\/wp\/v2\/pages\/8\/revisions"}],"predecessor-version":[{"id":2156,"href":"https:\/\/cabas-bio.fr\/index.php?rest_route=\/wp\/v2\/pages\/8\/revisions\/2156"}],"wp:attachment":[{"href":"https:\/\/cabas-bio.fr\/index.php?rest_route=%2Fwp%2Fv2%2Fmedia&parent=8"}],"curies":[{"name":"wp","href":"https:\/\/api.w.org\/{rel}","templated":true}]}}