{"id":59,"date":"2014-12-12T14:58:14","date_gmt":"2014-12-12T14:58:14","guid":{"rendered":"http:\/\/cabas-bio.fr\/?page_id=59"},"modified":"2023-07-22T18:38:31","modified_gmt":"2023-07-22T17:38:31","slug":"fournisseurs-legumes","status":"publish","type":"page","link":"https:\/\/cabas-bio.fr\/?page_id=59","title":{"rendered":"Fournisseurs de fruits et l\u00e9gumes"},"content":{"rendered":"<h3><strong>Go\u00fbts et Saveurs <\/strong><strong>(Fran\u00e7oise Da Silva)<\/strong>: Fruits et l\u00e9gumes, huiles, c\u00e9r\u00e9ales\u2026 Agriculture Biologique certifi\u00e9e. Favorise les produits locaux .<\/h3>\n<p>Go\u00fbts et Saveurs vous propose des paniers de l\u00e9gumes hebdomadaires, voir les modalit\u00e9s de fonctionnement <a href=\"http:\/\/cabas-bio.fr\/?page_id=10\">ICI<\/a><\/p>\n<p>1, rue de la Sereine \/21250 CORGENGOUX \/<em>Tel\/fax\u00a0<\/em>: 03 80 26 55 62 \/ 06 83 77 38 26\u00a0\/ e-mail\u00a0: <a href=\"mailto:go%FBtsetsaveurs@laposte.net\">go\u00fbtsetsaveurs@laposte.net<\/a><\/p>\n<h3><\/h3>\n","protected":false},"excerpt":{"rendered":"<p>Go\u00fbts et Saveurs (Fran\u00e7oise Da Silva): Fruits et l\u00e9gumes, huiles, c\u00e9r\u00e9ales\u2026 Agriculture Biologique certifi\u00e9e. Favorise les produits locaux . Go\u00fbts et Saveurs vous propose des paniers de l\u00e9gumes hebdomadaires, voir les modalit\u00e9s de fonctionnement ICI 1, rue de la Sereine&hellip;<\/p>\n<p class=\"more-link-p\"><a class=\"more-link\" href=\"https:\/\/cabas-bio.fr\/?page_id=59\">Read more &rarr;<\/a><\/p>\n","protected":false},"author":2,"featured_media":0,"parent":56,"menu_order":1,"comment_status":"closed","ping_status":"closed","template":"","meta":{"footnotes":""},"_links":{"self":[{"href":"https:\/\/cabas-bio.fr\/index.php?rest_route=\/wp\/v2\/pages\/59"}],"collection":[{"href":"https:\/\/cabas-bio.fr\/index.php?rest_route=\/wp\/v2\/pages"}],"about":[{"href":"https:\/\/cabas-bio.fr\/index.php?rest_route=\/wp\/v2\/types\/page"}],"author":[{"embeddable":true,"href":"https:\/\/cabas-bio.fr\/index.php?rest_route=\/wp\/v2\/users\/2"}],"replies":[{"embeddable":true,"href":"https:\/\/cabas-bio.fr\/index.php?rest_route=%2Fwp%2Fv2%2Fcomments&post=59"}],"version-history":[{"count":18,"href":"https:\/\/cabas-bio.fr\/index.php?rest_route=\/wp\/v2\/pages\/59\/revisions"}],"predecessor-version":[{"id":1857,"href":"https:\/\/cabas-bio.fr\/index.php?rest_route=\/wp\/v2\/pages\/59\/revisions\/1857"}],"up":[{"embeddable":true,"href":"https:\/\/cabas-bio.fr\/index.php?rest_route=\/wp\/v2\/pages\/56"}],"wp:attachment":[{"href":"https:\/\/cabas-bio.fr\/index.php?rest_route=%2Fwp%2Fv2%2Fmedia&parent=59"}],"curies":[{"name":"wp","href":"https:\/\/api.w.org\/{rel}","templated":true}]}}