{"id":56,"date":"2014-12-12T14:04:38","date_gmt":"2014-12-12T14:04:38","guid":{"rendered":"http:\/\/cabas-bio.fr\/?page_id=56"},"modified":"2015-07-22T19:26:53","modified_gmt":"2015-07-22T18:26:53","slug":"liens","status":"publish","type":"page","link":"https:\/\/cabas-bio.fr\/?page_id=56","title":{"rendered":"NOS FOURNISSEURS"},"content":{"rendered":"<h4><span style=\"color: #003300;\">Retrouvez dans les rubriques suivantes, les coordonn\u00e9es des diff\u00e9rents producteurs avec lesquels nous travaillons:<\/span><\/h4>\n<ul>\n<li>\n<h4><a href=\"http:\/\/cabas-bio.fr\/?page_id=59\"><span style=\"color: #003300;\">Fruits et l\u00e9gumes<\/span><\/a><\/h4>\n<\/li>\n<li>\n<h4><a href=\"http:\/\/cabas-bio.fr\/?page_id=103\"><span style=\"color: #003300;\">Viandes<\/span><\/a><\/h4>\n<\/li>\n<li>\n<h4><a href=\"http:\/\/cabas-bio.fr\/?page_id=114\"><span style=\"color: #003300;\">Autres<\/span><\/a><\/h4>\n<\/li>\n<\/ul>\n","protected":false},"excerpt":{"rendered":"<p>Retrouvez dans les rubriques suivantes, les coordonn\u00e9es des diff\u00e9rents producteurs avec lesquels nous travaillons: Fruits et l\u00e9gumes Viandes Autres<\/p>\n<p class=\"more-link-p\"><a class=\"more-link\" href=\"https:\/\/cabas-bio.fr\/?page_id=56\">Read more &rarr;<\/a><\/p>\n","protected":false},"author":3,"featured_media":0,"parent":0,"menu_order":6,"comment_status":"closed","ping_status":"closed","template":"","meta":{"footnotes":""},"_links":{"self":[{"href":"https:\/\/cabas-bio.fr\/index.php?rest_route=\/wp\/v2\/pages\/56"}],"collection":[{"href":"https:\/\/cabas-bio.fr\/index.php?rest_route=\/wp\/v2\/pages"}],"about":[{"href":"https:\/\/cabas-bio.fr\/index.php?rest_route=\/wp\/v2\/types\/page"}],"author":[{"embeddable":true,"href":"https:\/\/cabas-bio.fr\/index.php?rest_route=\/wp\/v2\/users\/3"}],"replies":[{"embeddable":true,"href":"https:\/\/cabas-bio.fr\/index.php?rest_route=%2Fwp%2Fv2%2Fcomments&post=56"}],"version-history":[{"count":4,"href":"https:\/\/cabas-bio.fr\/index.php?rest_route=\/wp\/v2\/pages\/56\/revisions"}],"predecessor-version":[{"id":217,"href":"https:\/\/cabas-bio.fr\/index.php?rest_route=\/wp\/v2\/pages\/56\/revisions\/217"}],"wp:attachment":[{"href":"https:\/\/cabas-bio.fr\/index.php?rest_route=%2Fwp%2Fv2%2Fmedia&parent=56"}],"curies":[{"name":"wp","href":"https:\/\/api.w.org\/{rel}","templated":true}]}}