{"id":39,"date":"2014-12-09T23:02:56","date_gmt":"2014-12-09T23:02:56","guid":{"rendered":"http:\/\/cabas-bio.fr\/?page_id=39"},"modified":"2020-01-19T18:33:13","modified_gmt":"2020-01-19T17:33:13","slug":"mentions-legales","status":"publish","type":"page","link":"https:\/\/cabas-bio.fr\/?page_id=39","title":{"rendered":"MENTIONS LEGALES"},"content":{"rendered":"<p><strong>LE CABAS BIO<\/strong> est une association loi 1901 dont le si\u00e8ge social est 24 rue Saint Georges, 71200 Le Creusot.<strong><br \/>\n<\/strong><\/p>\n<p>Cette association a pour but de\u00a0:<\/p>\n<ul>\n<li>Se lib\u00e9rer de la passivit\u00e9 consommatrice et de ses facilit\u00e9s.<\/li>\n<li>Promouvoir l\u2019alimentation biologique populaire.<\/li>\n<li>Encourager les producteurs biologiques r\u00e9gionaux.<\/li>\n<\/ul>\n<div><b>Propri\u00e9t\u00e9 intellectuelle\u00a0:<\/b><\/div>\n<div>L&rsquo;ensemble de ce site rel\u00e8ve des l\u00e9gislations Fran\u00e7aises et Internationales sur les droits d&rsquo;auteur et la propri\u00e9t\u00e9 intellectuelle. Tous les droits de reproduction sont r\u00e9serv\u00e9s pour les textes et les photographies de ce site. La reproduction de tout ou partie de ce site sur un support \u00e9lectronique ou autre quel qu&rsquo;il soit, est formellement interdite sauf autorisation \u00e9crite de l&rsquo;auteur, conform\u00e9ment \u00e0 l&rsquo;article L 122-4 du Code de la Propri\u00e9t\u00e9 intellectuelle.<\/div>\n<div><\/div>\n<div>\n<div><b>Politique de confidentialit\u00e9 :<\/b><\/div>\n<div>En aucun cas, les donn\u00e9es recueillies sur le site cabas-bio.fr ne seront c\u00e9d\u00e9es ou vendues \u00e0 des tiers. Aucune adresse email ne sera transmise \u00e0 des tiers y compris \u00e0 nos partenaires sauf avec l&rsquo;accord des int\u00e9ress\u00e9s.<\/div>\n<\/div>\n<p><span style=\"color: #0000ff;\"><strong>\u00a0<a href=\"http:\/\/cabas-bio.fr\/wp-content\/uploads\/2020\/01\/Statuts-Cabas-Bio-2020.pdf\" target=\"_blank\"><span style=\"color: #0000ff;\">Statuts de l&rsquo;association Cabas Bio<\/span><\/a><\/strong><\/span><\/p>\n","protected":false},"excerpt":{"rendered":"<p>LE CABAS BIO est une association loi 1901 dont le si\u00e8ge social est 24 rue Saint Georges, 71200 Le Creusot. Cette association a pour but de\u00a0: Se lib\u00e9rer de la passivit\u00e9 consommatrice et de ses facilit\u00e9s. Promouvoir l\u2019alimentation biologique populaire.&hellip;<\/p>\n<p class=\"more-link-p\"><a class=\"more-link\" href=\"https:\/\/cabas-bio.fr\/?page_id=39\">Read more &rarr;<\/a><\/p>\n","protected":false},"author":2,"featured_media":0,"parent":0,"menu_order":8,"comment_status":"open","ping_status":"open","template":"","meta":{"footnotes":""},"_links":{"self":[{"href":"https:\/\/cabas-bio.fr\/index.php?rest_route=\/wp\/v2\/pages\/39"}],"collection":[{"href":"https:\/\/cabas-bio.fr\/index.php?rest_route=\/wp\/v2\/pages"}],"about":[{"href":"https:\/\/cabas-bio.fr\/index.php?rest_route=\/wp\/v2\/types\/page"}],"author":[{"embeddable":true,"href":"https:\/\/cabas-bio.fr\/index.php?rest_route=\/wp\/v2\/users\/2"}],"replies":[{"embeddable":true,"href":"https:\/\/cabas-bio.fr\/index.php?rest_route=%2Fwp%2Fv2%2Fcomments&post=39"}],"version-history":[{"count":4,"href":"https:\/\/cabas-bio.fr\/index.php?rest_route=\/wp\/v2\/pages\/39\/revisions"}],"predecessor-version":[{"id":1252,"href":"https:\/\/cabas-bio.fr\/index.php?rest_route=\/wp\/v2\/pages\/39\/revisions\/1252"}],"wp:attachment":[{"href":"https:\/\/cabas-bio.fr\/index.php?rest_route=%2Fwp%2Fv2%2Fmedia&parent=39"}],"curies":[{"name":"wp","href":"https:\/\/api.w.org\/{rel}","templated":true}]}}