{"id":387,"date":"2016-05-30T18:54:11","date_gmt":"2016-05-30T17:54:11","guid":{"rendered":"http:\/\/cabas-bio.fr\/?page_id=387"},"modified":"2026-03-19T12:06:06","modified_gmt":"2026-03-19T11:06:06","slug":"les-ecureuils-du-cabas-bio","status":"publish","type":"page","link":"https:\/\/cabas-bio.fr\/?page_id=387","title":{"rendered":"Les Ecureuils du Cabas Bio"},"content":{"rendered":"<h4 style=\"text-align: center;\"><span style=\"color: #808000;\">Vous \u00eates gourmands !<\/span><br \/>\n<span style=\"color: #808000;\">Vous aimez les fruits frais, locaux et de saison ?<\/span><br \/>\n<span style=\"color: #808000;\">Vous ne supportez pas le gaspillage alimentaire ?<\/span><br \/>\n<span style=\"color: #808000;\">Vous aimeriez que tout le monde puisse manger sainement ?<\/span><\/h4>\n<h1 style=\"text-align: center;\"><span style=\"color: #993300;\">Devenez un \u00e9cureuil du Cabas Bio !<\/span><\/h1>\n<h4 style=\"text-align: center;\"><span style=\"color: #808000;\">Les \u00e9cureuils du Cabas bio ramassent les fruits d\u00e9laiss\u00e9s, comme leurs cousins du panier du coin de Montceau-les-<\/span><span style=\"color: #808000;\">Mines.<\/span><\/h4>\n<h2 style=\"text-align: center;\"><span style=\"color: #993300;\">Si cette d\u00e9marche vous int\u00e9resse, faites vous conna\u00eetre !<\/span><\/h2>\n<h4 style=\"text-align: center;\"><span style=\"color: #808000;\">Des propri\u00e9taires d&rsquo;arbres fruitiers ont trop de fruits, ne peuvent pas ou ne veulent pas les ramasser. <\/span><\/h4>\n<h4 style=\"text-align: center;\"><span style=\"color: #808000;\">Ils font appel au Cabas Bio qui vous proposera des<\/span><br \/>\n<span style=\"color: #808000;\">dates de cueillette. <\/span><\/h4>\n<h4 style=\"text-align: center;\"><span style=\"color: #808000;\">Si vous \u00eates disponibles et int\u00e9ress\u00e9s, nous cueillons<\/span><br \/>\n<span style=\"color: #808000;\">ensembles ! <\/span><\/h4>\n<h4 style=\"text-align: center;\"><span style=\"color: #808000;\">La r\u00e9colte est ensuite partag\u00e9e: La moiti\u00e9 est offerte \u00e0 une<\/span><br \/>\n<span style=\"color: #808000;\">association de soutien alimentaire (restos du coeur, \u00e9picerie solidaire, CCAS, etc.). <\/span><\/h4>\n<h4 style=\"text-align: center;\"><span style=\"color: #808000;\">Le reste est partag\u00e9 entre les cueilleurs et le donateur.<\/span><\/h4>\n<h3 style=\"text-align: center;\"><span style=\"color: #993300;\">\u00catre \u00e9cureuil ne vous oblige pas \u00e0 participer \u00e0 toutes les<\/span><br \/>\n<span style=\"color: #993300;\">cueillettes. Par contre, vous serez inform\u00e9 \u00e0 chaque fois.<\/span><\/h3>\n<h3 style=\"text-align: center;\"><span style=\"color: #808000;\">Pour en savoir plus, ou pour devenir \u00e9cureuil, contactez<\/span><br \/>\n<span style=\"color: #808000;\"><span style=\"color: #993300;\">le 06 89 35 14 94 ou le 06 50 14 15 45<\/span><\/span><\/h3>\n<h3 style=\"text-align: center;\"><span style=\"color: #808000;\">ou par mail : <a href=\"mailto:ecureuils-cabas-bio@outlook.fr\"><span style=\"color: #0000ff;\">ecureuils-cabas-bio@outlook.fr<\/span><\/a><\/span><\/h3>\n<h4 style=\"text-align: center;\"><span style=\"color: #993300;\">N&rsquo;h\u00e9sitez pas \u00e0 faire connaitre cette d\u00e9marche en t\u00e9l\u00e9chargeant ce document: <a href=\"http:\/\/cabas-bio.fr\/wp-content\/uploads\/2018\/06\/Profitez-de-vos-fruits-perdus.pdf\" target=\"_blank\" rel=\"noopener\">Profitez de vos fruits perdus<\/a>.<\/span><\/h4>\n<h3 style=\"text-align: center;\"><span style=\"color: #000080;\"><strong>Quelques photos des cueillettes :<\/strong><\/span><\/h3>\n<p><a href=\"http:\/\/cabas-bio.fr\/wp-content\/uploads\/2017\/06\/50-kg-de-cerises-ont-ete-ramassees-samedi-et-jeudi-ecureuils.jpg\"><img loading=\"lazy\" decoding=\"async\" class=\"size-medium wp-image-601 aligncenter\" src=\"http:\/\/cabas-bio.fr\/wp-content\/uploads\/2017\/06\/50-kg-de-cerises-ont-ete-ramassees-samedi-et-jeudi-ecureuils-300x210.jpg\" alt=\"50-kg-de-cerises-ont-ete-ramassees-samedi-et-jeudi ecureuils\" width=\"300\" height=\"210\" srcset=\"https:\/\/cabas-bio.fr\/wp-content\/uploads\/2017\/06\/50-kg-de-cerises-ont-ete-ramassees-samedi-et-jeudi-ecureuils-300x210.jpg 300w, https:\/\/cabas-bio.fr\/wp-content\/uploads\/2017\/06\/50-kg-de-cerises-ont-ete-ramassees-samedi-et-jeudi-ecureuils-600x421.jpg 600w, https:\/\/cabas-bio.fr\/wp-content\/uploads\/2017\/06\/50-kg-de-cerises-ont-ete-ramassees-samedi-et-jeudi-ecureuils-560x393.jpg 560w, https:\/\/cabas-bio.fr\/wp-content\/uploads\/2017\/06\/50-kg-de-cerises-ont-ete-ramassees-samedi-et-jeudi-ecureuils-260x182.jpg 260w, https:\/\/cabas-bio.fr\/wp-content\/uploads\/2017\/06\/50-kg-de-cerises-ont-ete-ramassees-samedi-et-jeudi-ecureuils-160x112.jpg 160w, https:\/\/cabas-bio.fr\/wp-content\/uploads\/2017\/06\/50-kg-de-cerises-ont-ete-ramassees-samedi-et-jeudi-ecureuils.jpg 940w\" sizes=\"(max-width: 300px) 100vw, 300px\" \/><\/a><\/p>\n<p><a href=\"http:\/\/cabas-bio.fr\/wp-content\/uploads\/2017\/06\/groseilles-10-kg.jpg\"><img loading=\"lazy\" decoding=\"async\" class=\"size-medium wp-image-602 aligncenter\" src=\"http:\/\/cabas-bio.fr\/wp-content\/uploads\/2017\/06\/groseilles-10-kg-166x300.jpg\" alt=\"groseilles 10 kg\" width=\"166\" height=\"300\" srcset=\"https:\/\/cabas-bio.fr\/wp-content\/uploads\/2017\/06\/groseilles-10-kg-166x300.jpg 166w, https:\/\/cabas-bio.fr\/wp-content\/uploads\/2017\/06\/groseilles-10-kg-260x468.jpg 260w, https:\/\/cabas-bio.fr\/wp-content\/uploads\/2017\/06\/groseilles-10-kg-160x288.jpg 160w, https:\/\/cabas-bio.fr\/wp-content\/uploads\/2017\/06\/groseilles-10-kg.jpg 533w\" sizes=\"(max-width: 166px) 100vw, 166px\" \/><\/a><\/p>\n<p><a href=\"http:\/\/cabas-bio.fr\/wp-content\/uploads\/2017\/06\/P1110181.jpg\"><img loading=\"lazy\" decoding=\"async\" class=\"size-medium wp-image-606 aligncenter\" src=\"http:\/\/cabas-bio.fr\/wp-content\/uploads\/2017\/06\/P1110181-300x225.jpg\" alt=\"P1110181\" width=\"300\" height=\"225\" srcset=\"https:\/\/cabas-bio.fr\/wp-content\/uploads\/2017\/06\/P1110181-300x225.jpg 300w, https:\/\/cabas-bio.fr\/wp-content\/uploads\/2017\/06\/P1110181-600x450.jpg 600w, https:\/\/cabas-bio.fr\/wp-content\/uploads\/2017\/06\/P1110181-560x420.jpg 560w, https:\/\/cabas-bio.fr\/wp-content\/uploads\/2017\/06\/P1110181-260x195.jpg 260w, https:\/\/cabas-bio.fr\/wp-content\/uploads\/2017\/06\/P1110181-160x120.jpg 160w, https:\/\/cabas-bio.fr\/wp-content\/uploads\/2017\/06\/P1110181.jpg 1024w\" sizes=\"(max-width: 300px) 100vw, 300px\" \/><\/a> <a href=\"http:\/\/cabas-bio.fr\/wp-content\/uploads\/2017\/06\/P1110177.jpg\"><img loading=\"lazy\" decoding=\"async\" class=\"size-medium wp-image-604 aligncenter\" src=\"http:\/\/cabas-bio.fr\/wp-content\/uploads\/2017\/06\/P1110177-300x225.jpg\" alt=\"P1110177\" width=\"300\" height=\"225\" srcset=\"https:\/\/cabas-bio.fr\/wp-content\/uploads\/2017\/06\/P1110177-300x225.jpg 300w, https:\/\/cabas-bio.fr\/wp-content\/uploads\/2017\/06\/P1110177-600x450.jpg 600w, https:\/\/cabas-bio.fr\/wp-content\/uploads\/2017\/06\/P1110177-560x420.jpg 560w, https:\/\/cabas-bio.fr\/wp-content\/uploads\/2017\/06\/P1110177-260x195.jpg 260w, https:\/\/cabas-bio.fr\/wp-content\/uploads\/2017\/06\/P1110177-160x120.jpg 160w, https:\/\/cabas-bio.fr\/wp-content\/uploads\/2017\/06\/P1110177.jpg 1024w\" sizes=\"(max-width: 300px) 100vw, 300px\" \/><\/a> <a href=\"http:\/\/cabas-bio.fr\/wp-content\/uploads\/2017\/06\/les-ecureuils-du-cabas-bio-.jpg\"><img loading=\"lazy\" decoding=\"async\" class=\"size-medium wp-image-603 aligncenter\" src=\"http:\/\/cabas-bio.fr\/wp-content\/uploads\/2017\/06\/les-ecureuils-du-cabas-bio--300x210.jpg\" alt=\"les-ecureuils-du-cabas-bio-\" width=\"300\" height=\"210\" srcset=\"https:\/\/cabas-bio.fr\/wp-content\/uploads\/2017\/06\/les-ecureuils-du-cabas-bio--300x210.jpg 300w, https:\/\/cabas-bio.fr\/wp-content\/uploads\/2017\/06\/les-ecureuils-du-cabas-bio--600x421.jpg 600w, https:\/\/cabas-bio.fr\/wp-content\/uploads\/2017\/06\/les-ecureuils-du-cabas-bio--560x393.jpg 560w, https:\/\/cabas-bio.fr\/wp-content\/uploads\/2017\/06\/les-ecureuils-du-cabas-bio--260x182.jpg 260w, https:\/\/cabas-bio.fr\/wp-content\/uploads\/2017\/06\/les-ecureuils-du-cabas-bio--160x112.jpg 160w, https:\/\/cabas-bio.fr\/wp-content\/uploads\/2017\/06\/les-ecureuils-du-cabas-bio-.jpg 940w\" sizes=\"(max-width: 300px) 100vw, 300px\" \/><\/a><\/p>\n","protected":false},"excerpt":{"rendered":"<p>Vous \u00eates gourmands ! Vous aimez les fruits frais, locaux et de saison ? Vous ne supportez pas le gaspillage alimentaire ? Vous aimeriez que tout le monde puisse manger sainement ? Devenez un \u00e9cureuil du Cabas Bio ! Les&hellip;<\/p>\n<p class=\"more-link-p\"><a class=\"more-link\" href=\"https:\/\/cabas-bio.fr\/?page_id=387\">Read more &rarr;<\/a><\/p>\n","protected":false},"author":3,"featured_media":0,"parent":17,"menu_order":1,"comment_status":"closed","ping_status":"closed","template":"","meta":{"footnotes":""},"_links":{"self":[{"href":"https:\/\/cabas-bio.fr\/index.php?rest_route=\/wp\/v2\/pages\/387"}],"collection":[{"href":"https:\/\/cabas-bio.fr\/index.php?rest_route=\/wp\/v2\/pages"}],"about":[{"href":"https:\/\/cabas-bio.fr\/index.php?rest_route=\/wp\/v2\/types\/page"}],"author":[{"embeddable":true,"href":"https:\/\/cabas-bio.fr\/index.php?rest_route=\/wp\/v2\/users\/3"}],"replies":[{"embeddable":true,"href":"https:\/\/cabas-bio.fr\/index.php?rest_route=%2Fwp%2Fv2%2Fcomments&post=387"}],"version-history":[{"count":18,"href":"https:\/\/cabas-bio.fr\/index.php?rest_route=\/wp\/v2\/pages\/387\/revisions"}],"predecessor-version":[{"id":2202,"href":"https:\/\/cabas-bio.fr\/index.php?rest_route=\/wp\/v2\/pages\/387\/revisions\/2202"}],"up":[{"embeddable":true,"href":"https:\/\/cabas-bio.fr\/index.php?rest_route=\/wp\/v2\/pages\/17"}],"wp:attachment":[{"href":"https:\/\/cabas-bio.fr\/index.php?rest_route=%2Fwp%2Fv2%2Fmedia&parent=387"}],"curies":[{"name":"wp","href":"https:\/\/api.w.org\/{rel}","templated":true}]}}