{"id":17,"date":"2014-11-18T15:19:14","date_gmt":"2014-11-18T15:19:14","guid":{"rendered":"http:\/\/cabas-bio.fr\/?page_id=17"},"modified":"2016-05-30T19:51:14","modified_gmt":"2016-05-30T18:51:14","slug":"partenaires","status":"publish","type":"page","link":"https:\/\/cabas-bio.fr\/?page_id=17","title":{"rendered":"NOS ACTIONS"},"content":{"rendered":"<h4><span style=\"color: #808000;\">Parall\u00e8lement \u00e0 l&rsquo;organisation des RDV hebdomadaire du mercredi et de l&rsquo;organisation du march\u00e9 annuel, notre association s&rsquo;implique dans d&rsquo;autres d\u00e9marches: <\/span><\/h4>\n<ul>\n<li><a href=\"http:\/\/cabas-bio.fr\/?page_id=387\">Les \u00e9cureuils du Cabas Bio<\/a><\/li>\n<li>La projection de films autour de l&rsquo;\u00e9cologie<\/li>\n<li>Un partenariat avec l&rsquo;association Creusot Montceau Terreco<\/li>\n<\/ul>\n","protected":false},"excerpt":{"rendered":"<p>Parall\u00e8lement \u00e0 l&rsquo;organisation des RDV hebdomadaire du mercredi et de l&rsquo;organisation du march\u00e9 annuel, notre association s&rsquo;implique dans d&rsquo;autres d\u00e9marches: Les \u00e9cureuils du Cabas Bio La projection de films autour de l&rsquo;\u00e9cologie Un partenariat avec l&rsquo;association Creusot Montceau Terreco<\/p>\n<p class=\"more-link-p\"><a class=\"more-link\" href=\"https:\/\/cabas-bio.fr\/?page_id=17\">Read more &rarr;<\/a><\/p>\n","protected":false},"author":1,"featured_media":0,"parent":0,"menu_order":5,"comment_status":"open","ping_status":"open","template":"","meta":{"footnotes":""},"_links":{"self":[{"href":"https:\/\/cabas-bio.fr\/index.php?rest_route=\/wp\/v2\/pages\/17"}],"collection":[{"href":"https:\/\/cabas-bio.fr\/index.php?rest_route=\/wp\/v2\/pages"}],"about":[{"href":"https:\/\/cabas-bio.fr\/index.php?rest_route=\/wp\/v2\/types\/page"}],"author":[{"embeddable":true,"href":"https:\/\/cabas-bio.fr\/index.php?rest_route=\/wp\/v2\/users\/1"}],"replies":[{"embeddable":true,"href":"https:\/\/cabas-bio.fr\/index.php?rest_route=%2Fwp%2Fv2%2Fcomments&post=17"}],"version-history":[{"count":5,"href":"https:\/\/cabas-bio.fr\/index.php?rest_route=\/wp\/v2\/pages\/17\/revisions"}],"predecessor-version":[{"id":409,"href":"https:\/\/cabas-bio.fr\/index.php?rest_route=\/wp\/v2\/pages\/17\/revisions\/409"}],"wp:attachment":[{"href":"https:\/\/cabas-bio.fr\/index.php?rest_route=%2Fwp%2Fv2%2Fmedia&parent=17"}],"curies":[{"name":"wp","href":"https:\/\/api.w.org\/{rel}","templated":true}]}}