{"id":14,"date":"2014-11-18T15:18:32","date_gmt":"2014-11-18T15:18:32","guid":{"rendered":"http:\/\/cabas-bio.fr\/?page_id=14"},"modified":"2026-03-19T11:26:34","modified_gmt":"2026-03-19T10:26:34","slug":"marche-annuel","status":"publish","type":"page","link":"https:\/\/cabas-bio.fr\/?page_id=14","title":{"rendered":"MARCH\u00c9 ANNUEL"},"content":{"rendered":"<h2 style=\"text-align: center;\"><\/h2>\n<h1 style=\"text-align: center;\"><span style=\"color: #800000;\">Notre March\u00e9 annuel aura lieu <\/span><\/h1>\n<h1 style=\"text-align: center;\"><span style=\"color: #800000;\">le dimanche 4 octobre 2026 !<\/span><\/h1>\n<h2 style=\"text-align: center;\"><span style=\"color: #800000;\">\u00e0 LA NEF, avenue de la Paix au Creusot.<\/span><\/h2>\n<h3>Vous y trouverez comme les ann\u00e9es pr\u00e9c\u00e9dentes diff\u00e9rents exposants:<\/h3>\n<ul>\n<li>Alimentation biologique (l\u00e9gumes, fruits, viandes, vins, farines, \u00e9pices&#8230;)<\/li>\n<li>Cosm\u00e9tiques (savons, produits de beaut\u00e9&#8230;)<\/li>\n<li>Artisanat<\/li>\n<li>Habitat (construction bioclimatique, isolation&#8230;)<\/li>\n<li>Associations<\/li>\n<li>Et bien d&rsquo;autres&#8230;<\/li>\n<\/ul>\n<h2 style=\"text-align: center;\"><span style=\"color: #800000;\">Quelques images des \u00e9ditions pr\u00e9c\u00e9dentes:<\/span><\/h2>\n<p><a href=\"http:\/\/cabas-bio.fr\/wp-content\/uploads\/2015\/02\/March\u00e9-2014-Jeanne1.jpg\"><img loading=\"lazy\" decoding=\"async\" class=\"size-medium wp-image-142\" src=\"http:\/\/cabas-bio.fr\/wp-content\/uploads\/2015\/02\/March\u00e9-2014-Jeanne1-300x199.jpg\" alt=\"Vue g\u00e9n\u00e9rale\" width=\"300\" height=\"199\" srcset=\"https:\/\/cabas-bio.fr\/wp-content\/uploads\/2015\/02\/March\u00e9-2014-Jeanne1-300x199.jpg 300w, https:\/\/cabas-bio.fr\/wp-content\/uploads\/2015\/02\/March\u00e9-2014-Jeanne1-600x398.jpg 600w, https:\/\/cabas-bio.fr\/wp-content\/uploads\/2015\/02\/March\u00e9-2014-Jeanne1-560x371.jpg 560w, https:\/\/cabas-bio.fr\/wp-content\/uploads\/2015\/02\/March\u00e9-2014-Jeanne1-260x172.jpg 260w, https:\/\/cabas-bio.fr\/wp-content\/uploads\/2015\/02\/March\u00e9-2014-Jeanne1-160x106.jpg 160w, https:\/\/cabas-bio.fr\/wp-content\/uploads\/2015\/02\/March\u00e9-2014-Jeanne1.jpg 1024w\" sizes=\"(max-width: 300px) 100vw, 300px\" \/><\/a><\/p>\n<p><a href=\"http:\/\/cabas-bio.fr\/wp-content\/uploads\/2015\/02\/March\u00e9-2014-Jeanne4.jpg\"><img loading=\"lazy\" decoding=\"async\" class=\"size-medium wp-image-140\" src=\"http:\/\/cabas-bio.fr\/wp-content\/uploads\/2015\/02\/March\u00e9-2014-Jeanne4-300x199.jpg\" alt=\"Vue g\u00e9n\u00e9rale\" width=\"300\" height=\"199\" srcset=\"https:\/\/cabas-bio.fr\/wp-content\/uploads\/2015\/02\/March\u00e9-2014-Jeanne4-300x199.jpg 300w, https:\/\/cabas-bio.fr\/wp-content\/uploads\/2015\/02\/March\u00e9-2014-Jeanne4-600x398.jpg 600w, https:\/\/cabas-bio.fr\/wp-content\/uploads\/2015\/02\/March\u00e9-2014-Jeanne4-560x371.jpg 560w, https:\/\/cabas-bio.fr\/wp-content\/uploads\/2015\/02\/March\u00e9-2014-Jeanne4-260x172.jpg 260w, https:\/\/cabas-bio.fr\/wp-content\/uploads\/2015\/02\/March\u00e9-2014-Jeanne4-160x106.jpg 160w, https:\/\/cabas-bio.fr\/wp-content\/uploads\/2015\/02\/March\u00e9-2014-Jeanne4.jpg 1024w\" sizes=\"(max-width: 300px) 100vw, 300px\" \/><\/a><\/p>\n<p><a href=\"http:\/\/cabas-bio.fr\/wp-content\/uploads\/2015\/02\/MARCHEBIODIMANCHEMATIN21.jpg\"><img loading=\"lazy\" decoding=\"async\" class=\"size-medium wp-image-132\" src=\"http:\/\/cabas-bio.fr\/wp-content\/uploads\/2015\/02\/MARCHEBIODIMANCHEMATIN21-300x166.jpg\" alt=\"Fromages\" width=\"300\" height=\"166\" srcset=\"https:\/\/cabas-bio.fr\/wp-content\/uploads\/2015\/02\/MARCHEBIODIMANCHEMATIN21-300x166.jpg 300w, https:\/\/cabas-bio.fr\/wp-content\/uploads\/2015\/02\/MARCHEBIODIMANCHEMATIN21-1024x567.jpg 1024w, https:\/\/cabas-bio.fr\/wp-content\/uploads\/2015\/02\/MARCHEBIODIMANCHEMATIN21-600x332.jpg 600w, https:\/\/cabas-bio.fr\/wp-content\/uploads\/2015\/02\/MARCHEBIODIMANCHEMATIN21-560x310.jpg 560w, https:\/\/cabas-bio.fr\/wp-content\/uploads\/2015\/02\/MARCHEBIODIMANCHEMATIN21-260x144.jpg 260w, https:\/\/cabas-bio.fr\/wp-content\/uploads\/2015\/02\/MARCHEBIODIMANCHEMATIN21-160x88.jpg 160w, https:\/\/cabas-bio.fr\/wp-content\/uploads\/2015\/02\/MARCHEBIODIMANCHEMATIN21.jpg 1070w\" sizes=\"(max-width: 300px) 100vw, 300px\" \/><\/a><\/p>\n<p><a href=\"http:\/\/cabas-bio.fr\/wp-content\/uploads\/2015\/02\/MARCHEBIODIMANCHEMATIN16.jpg\"><img loading=\"lazy\" decoding=\"async\" class=\"size-medium wp-image-130\" src=\"http:\/\/cabas-bio.fr\/wp-content\/uploads\/2015\/02\/MARCHEBIODIMANCHEMATIN16-300x235.jpg\" alt=\"P\u00e2tes\" width=\"300\" height=\"235\" srcset=\"https:\/\/cabas-bio.fr\/wp-content\/uploads\/2015\/02\/MARCHEBIODIMANCHEMATIN16-300x235.jpg 300w, https:\/\/cabas-bio.fr\/wp-content\/uploads\/2015\/02\/MARCHEBIODIMANCHEMATIN16-600x471.jpg 600w, https:\/\/cabas-bio.fr\/wp-content\/uploads\/2015\/02\/MARCHEBIODIMANCHEMATIN16-560x440.jpg 560w, https:\/\/cabas-bio.fr\/wp-content\/uploads\/2015\/02\/MARCHEBIODIMANCHEMATIN16-260x204.jpg 260w, https:\/\/cabas-bio.fr\/wp-content\/uploads\/2015\/02\/MARCHEBIODIMANCHEMATIN16-160x125.jpg 160w, https:\/\/cabas-bio.fr\/wp-content\/uploads\/2015\/02\/MARCHEBIODIMANCHEMATIN16.jpg 1005w\" sizes=\"(max-width: 300px) 100vw, 300px\" \/><\/a><\/p>\n<p><a href=\"http:\/\/cabas-bio.fr\/wp-content\/uploads\/2015\/02\/MARCHEBIODIMANCHEMATIN9.jpg\"><img loading=\"lazy\" decoding=\"async\" class=\"size-medium wp-image-128\" src=\"http:\/\/cabas-bio.fr\/wp-content\/uploads\/2015\/02\/MARCHEBIODIMANCHEMATIN9-300x264.jpg\" alt=\"Pommes\" width=\"300\" height=\"264\" srcset=\"https:\/\/cabas-bio.fr\/wp-content\/uploads\/2015\/02\/MARCHEBIODIMANCHEMATIN9-300x264.jpg 300w, https:\/\/cabas-bio.fr\/wp-content\/uploads\/2015\/02\/MARCHEBIODIMANCHEMATIN9-600x529.jpg 600w, https:\/\/cabas-bio.fr\/wp-content\/uploads\/2015\/02\/MARCHEBIODIMANCHEMATIN9-560x494.jpg 560w, https:\/\/cabas-bio.fr\/wp-content\/uploads\/2015\/02\/MARCHEBIODIMANCHEMATIN9-260x229.jpg 260w, https:\/\/cabas-bio.fr\/wp-content\/uploads\/2015\/02\/MARCHEBIODIMANCHEMATIN9-160x141.jpg 160w, https:\/\/cabas-bio.fr\/wp-content\/uploads\/2015\/02\/MARCHEBIODIMANCHEMATIN9.jpg 942w\" sizes=\"(max-width: 300px) 100vw, 300px\" \/><\/a><\/p>\n<p><a href=\"http:\/\/cabas-bio.fr\/wp-content\/uploads\/2015\/02\/MARCHEBIODIMANCHEMATIN8.jpg\"><img loading=\"lazy\" decoding=\"async\" class=\"size-medium wp-image-127\" src=\"http:\/\/cabas-bio.fr\/wp-content\/uploads\/2015\/02\/MARCHEBIODIMANCHEMATIN8-300x238.jpg\" alt=\"Artisanat\" width=\"300\" height=\"238\" srcset=\"https:\/\/cabas-bio.fr\/wp-content\/uploads\/2015\/02\/MARCHEBIODIMANCHEMATIN8-300x238.jpg 300w, https:\/\/cabas-bio.fr\/wp-content\/uploads\/2015\/02\/MARCHEBIODIMANCHEMATIN8-600x477.jpg 600w, https:\/\/cabas-bio.fr\/wp-content\/uploads\/2015\/02\/MARCHEBIODIMANCHEMATIN8-560x445.jpg 560w, https:\/\/cabas-bio.fr\/wp-content\/uploads\/2015\/02\/MARCHEBIODIMANCHEMATIN8-260x206.jpg 260w, https:\/\/cabas-bio.fr\/wp-content\/uploads\/2015\/02\/MARCHEBIODIMANCHEMATIN8-160x127.jpg 160w, https:\/\/cabas-bio.fr\/wp-content\/uploads\/2015\/02\/MARCHEBIODIMANCHEMATIN8.jpg 1000w\" sizes=\"(max-width: 300px) 100vw, 300px\" \/><\/a><\/p>\n<p><a href=\"http:\/\/cabas-bio.fr\/wp-content\/uploads\/2015\/02\/MARCHEBIODIMANCHEMATIN7.jpg\"><img loading=\"lazy\" decoding=\"async\" class=\"size-medium wp-image-126\" src=\"http:\/\/cabas-bio.fr\/wp-content\/uploads\/2015\/02\/MARCHEBIODIMANCHEMATIN7-300x176.jpg\" alt=\"Association\" width=\"300\" height=\"176\" srcset=\"https:\/\/cabas-bio.fr\/wp-content\/uploads\/2015\/02\/MARCHEBIODIMANCHEMATIN7-300x176.jpg 300w, https:\/\/cabas-bio.fr\/wp-content\/uploads\/2015\/02\/MARCHEBIODIMANCHEMATIN7-600x352.jpg 600w, https:\/\/cabas-bio.fr\/wp-content\/uploads\/2015\/02\/MARCHEBIODIMANCHEMATIN7-560x329.jpg 560w, https:\/\/cabas-bio.fr\/wp-content\/uploads\/2015\/02\/MARCHEBIODIMANCHEMATIN7-260x152.jpg 260w, https:\/\/cabas-bio.fr\/wp-content\/uploads\/2015\/02\/MARCHEBIODIMANCHEMATIN7-160x94.jpg 160w, https:\/\/cabas-bio.fr\/wp-content\/uploads\/2015\/02\/MARCHEBIODIMANCHEMATIN7.jpg 983w\" sizes=\"(max-width: 300px) 100vw, 300px\" \/><\/a><\/p>\n<p><a href=\"http:\/\/cabas-bio.fr\/wp-content\/uploads\/2015\/02\/MARCHEBIODIMANCHEMATIN4.jpg\"><img loading=\"lazy\" decoding=\"async\" class=\"size-medium wp-image-125\" src=\"http:\/\/cabas-bio.fr\/wp-content\/uploads\/2015\/02\/MARCHEBIODIMANCHEMATIN4-300x215.jpg\" alt=\"Habillement\" width=\"300\" height=\"215\" srcset=\"https:\/\/cabas-bio.fr\/wp-content\/uploads\/2015\/02\/MARCHEBIODIMANCHEMATIN4-300x215.jpg 300w, https:\/\/cabas-bio.fr\/wp-content\/uploads\/2015\/02\/MARCHEBIODIMANCHEMATIN4-1024x736.jpg 1024w, https:\/\/cabas-bio.fr\/wp-content\/uploads\/2015\/02\/MARCHEBIODIMANCHEMATIN4-600x431.jpg 600w, https:\/\/cabas-bio.fr\/wp-content\/uploads\/2015\/02\/MARCHEBIODIMANCHEMATIN4-560x402.jpg 560w, https:\/\/cabas-bio.fr\/wp-content\/uploads\/2015\/02\/MARCHEBIODIMANCHEMATIN4-260x187.jpg 260w, https:\/\/cabas-bio.fr\/wp-content\/uploads\/2015\/02\/MARCHEBIODIMANCHEMATIN4-160x115.jpg 160w, https:\/\/cabas-bio.fr\/wp-content\/uploads\/2015\/02\/MARCHEBIODIMANCHEMATIN4.jpg 1066w\" sizes=\"(max-width: 300px) 100vw, 300px\" \/><\/a><\/p>\n<p><a href=\"http:\/\/cabas-bio.fr\/wp-content\/uploads\/2015\/02\/March\u00e9-2010-Jeanne3.jpg\"><img loading=\"lazy\" decoding=\"async\" class=\"size-medium wp-image-139\" src=\"http:\/\/cabas-bio.fr\/wp-content\/uploads\/2015\/02\/March\u00e9-2010-Jeanne3-300x225.jpg\" alt=\"Vue g\u00e9n\u00e9rale\" width=\"300\" height=\"225\" srcset=\"https:\/\/cabas-bio.fr\/wp-content\/uploads\/2015\/02\/March\u00e9-2010-Jeanne3-300x225.jpg 300w, https:\/\/cabas-bio.fr\/wp-content\/uploads\/2015\/02\/March\u00e9-2010-Jeanne3-600x450.jpg 600w, https:\/\/cabas-bio.fr\/wp-content\/uploads\/2015\/02\/March\u00e9-2010-Jeanne3-560x420.jpg 560w, https:\/\/cabas-bio.fr\/wp-content\/uploads\/2015\/02\/March\u00e9-2010-Jeanne3-260x195.jpg 260w, https:\/\/cabas-bio.fr\/wp-content\/uploads\/2015\/02\/March\u00e9-2010-Jeanne3-160x120.jpg 160w, https:\/\/cabas-bio.fr\/wp-content\/uploads\/2015\/02\/March\u00e9-2010-Jeanne3.jpg 1024w\" sizes=\"(max-width: 300px) 100vw, 300px\" \/><\/a><\/p>\n<p><a href=\"http:\/\/cabas-bio.fr\/wp-content\/uploads\/2015\/02\/March\u00e9-2010-Jeanne-1.jpg\"><img loading=\"lazy\" decoding=\"async\" class=\"size-medium wp-image-138\" src=\"http:\/\/cabas-bio.fr\/wp-content\/uploads\/2015\/02\/March\u00e9-2010-Jeanne-1-300x225.jpg\" alt=\"Artisanat\" width=\"300\" height=\"225\" srcset=\"https:\/\/cabas-bio.fr\/wp-content\/uploads\/2015\/02\/March\u00e9-2010-Jeanne-1-300x225.jpg 300w, https:\/\/cabas-bio.fr\/wp-content\/uploads\/2015\/02\/March\u00e9-2010-Jeanne-1-600x450.jpg 600w, https:\/\/cabas-bio.fr\/wp-content\/uploads\/2015\/02\/March\u00e9-2010-Jeanne-1-560x420.jpg 560w, https:\/\/cabas-bio.fr\/wp-content\/uploads\/2015\/02\/March\u00e9-2010-Jeanne-1-260x195.jpg 260w, https:\/\/cabas-bio.fr\/wp-content\/uploads\/2015\/02\/March\u00e9-2010-Jeanne-1-160x120.jpg 160w, https:\/\/cabas-bio.fr\/wp-content\/uploads\/2015\/02\/March\u00e9-2010-Jeanne-1.jpg 1024w\" sizes=\"(max-width: 300px) 100vw, 300px\" \/><\/a><\/p>\n","protected":false},"excerpt":{"rendered":"<p>Notre March\u00e9 annuel aura lieu le dimanche 4 octobre 2026 ! \u00e0 LA NEF, avenue de la Paix au Creusot. Vous y trouverez comme les ann\u00e9es pr\u00e9c\u00e9dentes diff\u00e9rents exposants: Alimentation biologique (l\u00e9gumes, fruits, viandes, vins, farines, \u00e9pices&#8230;) Cosm\u00e9tiques (savons, produits&hellip;<\/p>\n<p class=\"more-link-p\"><a class=\"more-link\" href=\"https:\/\/cabas-bio.fr\/?page_id=14\">Read more &rarr;<\/a><\/p>\n","protected":false},"author":1,"featured_media":0,"parent":0,"menu_order":3,"comment_status":"open","ping_status":"open","template":"","meta":{"footnotes":""},"_links":{"self":[{"href":"https:\/\/cabas-bio.fr\/index.php?rest_route=\/wp\/v2\/pages\/14"}],"collection":[{"href":"https:\/\/cabas-bio.fr\/index.php?rest_route=\/wp\/v2\/pages"}],"about":[{"href":"https:\/\/cabas-bio.fr\/index.php?rest_route=\/wp\/v2\/types\/page"}],"author":[{"embeddable":true,"href":"https:\/\/cabas-bio.fr\/index.php?rest_route=\/wp\/v2\/users\/1"}],"replies":[{"embeddable":true,"href":"https:\/\/cabas-bio.fr\/index.php?rest_route=%2Fwp%2Fv2%2Fcomments&post=14"}],"version-history":[{"count":18,"href":"https:\/\/cabas-bio.fr\/index.php?rest_route=\/wp\/v2\/pages\/14\/revisions"}],"predecessor-version":[{"id":2196,"href":"https:\/\/cabas-bio.fr\/index.php?rest_route=\/wp\/v2\/pages\/14\/revisions\/2196"}],"wp:attachment":[{"href":"https:\/\/cabas-bio.fr\/index.php?rest_route=%2Fwp%2Fv2%2Fmedia&parent=14"}],"curies":[{"name":"wp","href":"https:\/\/api.w.org\/{rel}","templated":true}]}}