{"id":12,"date":"2014-11-18T15:17:10","date_gmt":"2014-11-18T15:17:10","guid":{"rendered":"http:\/\/cabas-bio.fr\/?page_id=12"},"modified":"2026-04-13T09:30:53","modified_gmt":"2026-04-13T08:30:53","slug":"autres-produits","status":"publish","type":"page","link":"https:\/\/cabas-bio.fr\/?page_id=12","title":{"rendered":"Les autres Produits"},"content":{"rendered":"<h3><span style=\"color: #0000ff;\"><strong><em>TOUS LES MERCREDIS de 11h \u00e0 13h<\/em><\/strong> (livraison: parking face \u00e0 la gare du Creusot)<\/span><\/h3>\n<h3><strong>Go\u00fbts et Saveurs (Fran\u00e7oise Da Silva) : <\/strong>Fruits et l\u00e9gumes, huiles, c\u00e9r\u00e9ales\u2026 Agriculture Biologique certifi\u00e9e. Favorise les produits locaux.<\/h3>\n<p>Vente au d\u00e9tail de fruits et l\u00e9gumes pour compl\u00e9ter l\u2019offre de paniers hebdomadaires.<\/p>\n<p>1, rue de la Sereine \/21250 CORGENGOUX\u00a0 \/ <em>Tel\/fax\u00a0<\/em>: 03 80 26 55 62 \/ 06 83 77 38 26\u00a0\/ e-mail\u00a0: <a href=\"mailto:go%FBtsetsaveurs@laposte.net\">go\u00fbtsetsaveurs@laposte.net<\/a><\/p>\n<h3><strong>Le Moulin du Vivier (Vincent Gourdon)\u00a0:<\/strong>Pains bio au levain, p\u00e9tri \u00e0 la main et cuit au feu de bois. Brioche au levain.<\/h3>\n<p>Sur commande d\u2019une semaine \u00e0 l\u2019autre ou au plus tard\u00a0par t\u00e9l\u00e9phone le dimanche pr\u00e9c\u00e9dant la livraison.<\/p>\n<p>Le Vivier 71990 St L\u00e9ger sous Beuvray \/ <em>Tel: <\/em>06 47 85 04 45<\/p>\n<h3><strong>La Ferme du Rebout : <\/strong>Fromages de ch\u00e8vre, Fromages de vache, Fromage blanc, Oeufs, Miel, Cr\u00e8me de marron<\/h3>\n<p>Sur commande d&rsquo;une semaine sur l&rsquo;autre ou par mail au plus tard le mardi pr\u00e9c\u00e9dant la livraison<\/p>\n<p><a href=\"http:\/\/cabas-bio.fr\/wp-content\/uploads\/2024\/04\/La-ferme-du-Rebout-2024.pdf\" target=\"_blank\" rel=\"noopener\">Cliquez ici pour avoir des infos sur la Ferme et les produits propos\u00e9s<\/a><\/p>\n<p>Le Rebout 71990 St L\u00e9ger sous Beuvray<\/p>\n<p>e-mail : <a href=\"mailto:lafermedurebout2020@gmail.com\">lafermedurebout2020@gmail.com<\/a><\/p>\n<h3><\/h3>\n<h3><span style=\"color: #0000ff;\"><strong><em>CERTAINS MERCREDIS de 11h \u00e0 13h<\/em><\/strong> (parking face \u00e0 la gare du Creusot)<\/span><\/h3>\n<p><span style=\"color: #0000ff;\">(annonce par mail et par affichage sur place les semaines pr\u00e9c\u00e9dentes)\u00a0<\/span><\/p>\n<h3><strong>La ferme \u00ab\u00a0La Rose des Pr\u00e9s\u00a0\u00bb<\/strong><strong>: <\/strong>producteur bio de viande de veau ros\u00e9, d\u2019agneau et de porc.<\/h3>\n<p><strong>EARL Guillemot<\/strong><\/p>\n<p>Fran\u00e7ois Guillemot<br \/>\nLes Garreauds<\/p>\n<p>71 320 Saint Eug\u00e8ne<\/p>\n<p><em>T\u00e9l:<\/em> 06 99 71 56 71 \/ <em>e-mail: <\/em><a id=\"earl.guillemot@laposte.net_body\" class=\"adr black-to-orange contextEntry\" href=\"mailto:earl.guillemot@laposte.net\">earl.guillemot@laposte.net<\/a><\/p>\n<hr class=\"wp-block-separator has-alpha-channel-opacity\" \/>\n<h3 class=\"wp-block-heading\"><strong>La P\u2019tiote Ferme <\/strong><strong>: <\/strong>producteur bio de poulets.<\/h3>\n<p>Mathilde SUTTER \u2013 <strong>La P\u2019tiote ferme<\/strong><br \/>\n875 chemin de la Chassagne<br \/>\n71 190 LAIZY<\/p>\n<p><em>e-mail:<\/em> <a href=\"mailto:laptioteferme@ecomail.fr\">laptioteferme@ecomail.fr<\/a><\/p>\n<hr class=\"wp-block-separator has-alpha-channel-opacity\" \/>\n<h3 class=\"wp-block-heading\"><strong>La ferme des Epilants : <\/strong>producteur bio de viande de porc et de boeuf.<\/h3>\n<p>Th\u00e9o MISSET \u2013 <strong>La ferme des Epilants<\/strong><br \/>\nLes \u00c9pilants,<br \/>\n71710 Saint-Symphorien-de-Marmagne<\/p>\n<p>T\u00e9l: 06 26 95 64 21 \/ e-mail : <a href=\"mailto:theomisset@gmail.com?subject=[Kuupanda]%20\">theomisset@gmail.com<\/a><\/p>\n","protected":false},"excerpt":{"rendered":"<p>TOUS LES MERCREDIS de 11h \u00e0 13h (livraison: parking face \u00e0 la gare du Creusot) Go\u00fbts et Saveurs (Fran\u00e7oise Da Silva) : Fruits et l\u00e9gumes, huiles, c\u00e9r\u00e9ales\u2026 Agriculture Biologique certifi\u00e9e. Favorise les produits locaux. Vente au d\u00e9tail de fruits et&hellip;<\/p>\n<p class=\"more-link-p\"><a class=\"more-link\" href=\"https:\/\/cabas-bio.fr\/?page_id=12\">Read more &rarr;<\/a><\/p>\n","protected":false},"author":1,"featured_media":0,"parent":8,"menu_order":2,"comment_status":"open","ping_status":"open","template":"","meta":{"footnotes":""},"_links":{"self":[{"href":"https:\/\/cabas-bio.fr\/index.php?rest_route=\/wp\/v2\/pages\/12"}],"collection":[{"href":"https:\/\/cabas-bio.fr\/index.php?rest_route=\/wp\/v2\/pages"}],"about":[{"href":"https:\/\/cabas-bio.fr\/index.php?rest_route=\/wp\/v2\/types\/page"}],"author":[{"embeddable":true,"href":"https:\/\/cabas-bio.fr\/index.php?rest_route=\/wp\/v2\/users\/1"}],"replies":[{"embeddable":true,"href":"https:\/\/cabas-bio.fr\/index.php?rest_route=%2Fwp%2Fv2%2Fcomments&post=12"}],"version-history":[{"count":25,"href":"https:\/\/cabas-bio.fr\/index.php?rest_route=\/wp\/v2\/pages\/12\/revisions"}],"predecessor-version":[{"id":2213,"href":"https:\/\/cabas-bio.fr\/index.php?rest_route=\/wp\/v2\/pages\/12\/revisions\/2213"}],"up":[{"embeddable":true,"href":"https:\/\/cabas-bio.fr\/index.php?rest_route=\/wp\/v2\/pages\/8"}],"wp:attachment":[{"href":"https:\/\/cabas-bio.fr\/index.php?rest_route=%2Fwp%2Fv2%2Fmedia&parent=12"}],"curies":[{"name":"wp","href":"https:\/\/api.w.org\/{rel}","templated":true}]}}